{"id":10,"date":"2021-01-20T16:45:08","date_gmt":"2021-01-20T16:45:08","guid":{"rendered":"https:\/\/hrustanovic.rs\/?page_id=10"},"modified":"2021-02-14T13:21:32","modified_gmt":"2021-02-14T13:21:32","slug":"o-nama","status":"publish","type":"page","link":"https:\/\/hrustanovic.rs\/index.php\/o-nama\/","title":{"rendered":"O nama"},"content":{"rendered":"\t\t<div data-elementor-type=\"wp-page\" data-elementor-id=\"10\" class=\"elementor elementor-10\" data-elementor-post-type=\"page\">\n\t\t\t\t\t\t<section class=\"elementor-section elementor-top-section elementor-element elementor-element-69a7906 elementor-section-height-min-height elementor-section-boxed elementor-section-height-default elementor-section-items-middle\" data-id=\"69a7906\" data-element_type=\"section\" data-e-type=\"section\" data-settings=\"{&quot;background_background&quot;:&quot;classic&quot;}\">\n\t\t\t\t\t\t\t<div class=\"elementor-background-overlay\"><\/div>\n\t\t\t\t\t\t\t<div class=\"elementor-container elementor-column-gap-default\">\n\t\t\t\t\t<div class=\"elementor-column elementor-col-100 elementor-top-column elementor-element elementor-element-7f306529\" data-id=\"7f306529\" data-element_type=\"column\" data-e-type=\"column\">\n\t\t\t<div class=\"elementor-widget-wrap elementor-element-populated\">\n\t\t\t\t\t\t<div class=\"elementor-element elementor-element-5c39c732 elementor-invisible elementor-widget elementor-widget-heading\" data-id=\"5c39c732\" data-element_type=\"widget\" data-e-type=\"widget\" data-settings=\"{&quot;_animation&quot;:&quot;fadeInLeft&quot;,&quot;_animation_delay&quot;:200}\" data-widget_type=\"heading.default\">\n\t\t\t\t<div class=\"elementor-widget-container\">\n\t\t\t\t\t<p class=\"elementor-heading-title elementor-size-default\">Advokatska kancelarija Hrustanovi\u0107<\/p>\t\t\t\t<\/div>\n\t\t\t\t<\/div>\n\t\t\t\t<div class=\"elementor-element elementor-element-46d00452 elementor-invisible elementor-widget elementor-widget-heading\" data-id=\"46d00452\" data-element_type=\"widget\" data-e-type=\"widget\" data-settings=\"{&quot;_animation&quot;:&quot;fadeInUp&quot;,&quot;_animation_delay&quot;:300}\" data-widget_type=\"heading.default\">\n\t\t\t\t<div class=\"elementor-widget-container\">\n\t\t\t\t\t<h1 class=\"elementor-heading-title elementor-size-default\">O nama<\/h1>\t\t\t\t<\/div>\n\t\t\t\t<\/div>\n\t\t\t\t\t<\/div>\n\t\t<\/div>\n\t\t\t\t\t<\/div>\n\t\t<\/section>\n\t\t\t\t<section class=\"elementor-section elementor-top-section elementor-element elementor-element-32d2cb69 elementor-section-boxed elementor-section-height-default elementor-section-height-default\" data-id=\"32d2cb69\" data-element_type=\"section\" data-e-type=\"section\">\n\t\t\t\t\t\t<div class=\"elementor-container elementor-column-gap-default\">\n\t\t\t\t\t<div class=\"elementor-column elementor-col-100 elementor-top-column elementor-element elementor-element-5e8fc5e0\" data-id=\"5e8fc5e0\" data-element_type=\"column\" data-e-type=\"column\">\n\t\t\t<div class=\"elementor-widget-wrap elementor-element-populated\">\n\t\t\t\t\t\t<div class=\"elementor-element elementor-element-7ed96e60 elementor-invisible elementor-widget elementor-widget-heading\" data-id=\"7ed96e60\" data-element_type=\"widget\" data-e-type=\"widget\" data-settings=\"{&quot;_animation&quot;:&quot;fadeInUp&quot;}\" data-widget_type=\"heading.default\">\n\t\t\t\t<div class=\"elementor-widget-container\">\n\t\t\t\t\t<h2 class=\"elementor-heading-title elementor-size-default\">Advokatska kancelarija Hrustanovi\u0107<\/h2>\t\t\t\t<\/div>\n\t\t\t\t<\/div>\n\t\t\t\t<div class=\"elementor-element elementor-element-6c33aee7 elementor-invisible elementor-widget elementor-widget-heading\" data-id=\"6c33aee7\" data-element_type=\"widget\" data-e-type=\"widget\" data-settings=\"{&quot;_animation&quot;:&quot;fadeInUp&quot;,&quot;_animation_delay&quot;:200}\" data-widget_type=\"heading.default\">\n\t\t\t\t<div class=\"elementor-widget-container\">\n\t\t\t\t\t<p class=\"elementor-heading-title elementor-size-default\">O nama<\/p>\t\t\t\t<\/div>\n\t\t\t\t<\/div>\n\t\t\t\t<div class=\"elementor-element elementor-element-1a0cf95a elementor-invisible elementor-widget elementor-widget-text-editor\" data-id=\"1a0cf95a\" data-element_type=\"widget\" data-e-type=\"widget\" data-settings=\"{&quot;_animation&quot;:&quot;fadeInUp&quot;,&quot;_animation_delay&quot;:400}\" data-widget_type=\"text-editor.default\">\n\t\t\t\t<div class=\"elementor-widget-container\">\n\t\t\t\t\t\t\t\t\t<p class=\"western\" lang=\"sr-RS\" align=\"justify\"><span style=\"font-family: Verdana, serif;\"><span lang=\"sr-Latn-RS\">Odnos me\u0111usobnog poverenja, klju\u010d je dugoro\u010dne saradnje koju na\u0161a kancelarija gradi sa svojim klijentima. Na\u0161 cilj je da prava na\u0161ih klijenata budu ostvarena i za\u0161ti\u0107ena na najefikasniji na\u010din, kao i da na\u0161e iskustvo i poznavanje prava stavimo u slu\u017ebu dobrobiti na\u0161ih klijenta. Prilago\u0111avamo se potrebama, kako fizi\u010dkih, tako i pravnih lica, doma\u0107ih i inostranih, te smo usmereni i na pronala\u017eenje inovativnih re\u0161enja, u skladu sa vremenom u kom \u017eivimo i potrebama svakog pojedina\u010dnog klijenta. <\/span><\/span><\/p><p class=\"western\" align=\"justify\"><br \/><br \/><\/p><p class=\"western\" lang=\"sr-RS\" align=\"justify\"><span style=\"font-family: Verdana, serif;\"><span lang=\"sr-Latn-RS\">Broj telefona kancelarije: +381 11 42 38 263<\/span><\/span><\/p>\t\t\t\t\t\t\t\t<\/div>\n\t\t\t\t<\/div>\n\t\t\t\t<div class=\"elementor-element elementor-element-1f4b86de elementor-align-center elementor-invisible elementor-widget elementor-widget-button\" data-id=\"1f4b86de\" data-element_type=\"widget\" data-e-type=\"widget\" data-settings=\"{&quot;_animation&quot;:&quot;fadeInUp&quot;,&quot;_animation_delay&quot;:600}\" data-widget_type=\"button.default\">\n\t\t\t\t<div class=\"elementor-widget-container\">\n\t\t\t\t\t\t\t\t\t<div class=\"elementor-button-wrapper\">\n\t\t\t\t\t<a class=\"elementor-button elementor-button-link elementor-size-sm\" href=\"https:\/\/hrustanovic.rs\/index.php\/kontakt\/\">\n\t\t\t\t\t\t<span class=\"elementor-button-content-wrapper\">\n\t\t\t\t\t\t\t\t\t<span class=\"elementor-button-text\">Kontaktirajte nas<\/span>\n\t\t\t\t\t<\/span>\n\t\t\t\t\t<\/a>\n\t\t\t\t<\/div>\n\t\t\t\t\t\t\t\t<\/div>\n\t\t\t\t<\/div>\n\t\t\t\t\t<\/div>\n\t\t<\/div>\n\t\t\t\t\t<\/div>\n\t\t<\/section>\n\t\t\t\t<\/div>\n\t\t","protected":false},"excerpt":{"rendered":"<p>Advokatska kancelarija Hrustanovi\u0107 O nama Advokatska kancelarija Hrustanovi\u0107 O nama Odnos me\u0111usobnog poverenja, klju\u010d je dugoro\u010dne saradnje koju na\u0161a kancelarija gradi sa svojim klijentima. Na\u0161 cilj je da prava na\u0161ih klijenata budu ostvarena i za\u0161ti\u0107ena na najefikasniji na\u010din, kao i da na\u0161e iskustvo i poznavanje prava stavimo u slu\u017ebu dobrobiti na\u0161ih klijenta. Prilago\u0111avamo se potrebama, [&hellip;]<\/p>\n","protected":false},"author":1,"featured_media":0,"parent":0,"menu_order":0,"comment_status":"closed","ping_status":"closed","template":"","meta":{"footnotes":""},"class_list":["post-10","page","type-page","status-publish","hentry"],"yoast_head":"<!-- This site is optimized with the Yoast SEO plugin v27.2 - https:\/\/yoast.com\/product\/yoast-seo-wordpress\/ -->\n<title>O nama | Advokatska Kancelarija Hrustanovi\u0107<\/title>\n<meta name=\"robots\" content=\"index, follow, max-snippet:-1, max-image-preview:large, max-video-preview:-1\" \/>\n<link rel=\"canonical\" href=\"https:\/\/hrustanovic.rs\/index.php\/o-nama\/\" \/>\n<meta property=\"og:locale\" content=\"en_US\" \/>\n<meta property=\"og:type\" content=\"article\" \/>\n<meta property=\"og:title\" content=\"O nama | Advokatska Kancelarija Hrustanovi\u0107\" \/>\n<meta property=\"og:description\" content=\"Advokatska kancelarija Hrustanovi\u0107 O nama Advokatska kancelarija Hrustanovi\u0107 O nama Odnos me\u0111usobnog poverenja, klju\u010d je dugoro\u010dne saradnje koju na\u0161a kancelarija gradi sa svojim klijentima. Na\u0161 cilj je da prava na\u0161ih klijenata budu ostvarena i za\u0161ti\u0107ena na najefikasniji na\u010din, kao i da na\u0161e iskustvo i poznavanje prava stavimo u slu\u017ebu dobrobiti na\u0161ih klijenta. Prilago\u0111avamo se potrebama, [&hellip;]\" \/>\n<meta property=\"og:url\" content=\"https:\/\/hrustanovic.rs\/index.php\/o-nama\/\" \/>\n<meta property=\"og:site_name\" content=\"Advokatska Kancelarija Hrustanovi\u0107\" \/>\n<meta property=\"article:modified_time\" content=\"2021-02-14T13:21:32+00:00\" \/>\n<meta name=\"twitter:card\" content=\"summary_large_image\" \/>\n<meta name=\"twitter:label1\" content=\"Est. reading time\" \/>\n\t<meta name=\"twitter:data1\" content=\"1 minute\" \/>\n<script type=\"application\/ld+json\" class=\"yoast-schema-graph\">{\"@context\":\"https:\/\/schema.org\",\"@graph\":[{\"@type\":\"WebPage\",\"@id\":\"https:\/\/hrustanovic.rs\/index.php\/o-nama\/\",\"url\":\"https:\/\/hrustanovic.rs\/index.php\/o-nama\/\",\"name\":\"O nama | Advokatska Kancelarija Hrustanovi\u0107\",\"isPartOf\":{\"@id\":\"https:\/\/hrustanovic.rs\/#website\"},\"datePublished\":\"2021-01-20T16:45:08+00:00\",\"dateModified\":\"2021-02-14T13:21:32+00:00\",\"breadcrumb\":{\"@id\":\"https:\/\/hrustanovic.rs\/index.php\/o-nama\/#breadcrumb\"},\"inLanguage\":\"en-US\",\"potentialAction\":[{\"@type\":\"ReadAction\",\"target\":[\"https:\/\/hrustanovic.rs\/index.php\/o-nama\/\"]}]},{\"@type\":\"BreadcrumbList\",\"@id\":\"https:\/\/hrustanovic.rs\/index.php\/o-nama\/#breadcrumb\",\"itemListElement\":[{\"@type\":\"ListItem\",\"position\":1,\"name\":\"Home\",\"item\":\"https:\/\/hrustanovic.rs\/\"},{\"@type\":\"ListItem\",\"position\":2,\"name\":\"O nama\"}]},{\"@type\":\"WebSite\",\"@id\":\"https:\/\/hrustanovic.rs\/#website\",\"url\":\"https:\/\/hrustanovic.rs\/\",\"name\":\"Advokatska Kancelarija Hrustanovi\u0107\",\"description\":\"\",\"publisher\":{\"@id\":\"https:\/\/hrustanovic.rs\/#organization\"},\"potentialAction\":[{\"@type\":\"SearchAction\",\"target\":{\"@type\":\"EntryPoint\",\"urlTemplate\":\"https:\/\/hrustanovic.rs\/?s={search_term_string}\"},\"query-input\":{\"@type\":\"PropertyValueSpecification\",\"valueRequired\":true,\"valueName\":\"search_term_string\"}}],\"inLanguage\":\"en-US\"},{\"@type\":\"Organization\",\"@id\":\"https:\/\/hrustanovic.rs\/#organization\",\"name\":\"Advokatska Kancelarija Hrustanovi\u0107\",\"url\":\"https:\/\/hrustanovic.rs\/\",\"logo\":{\"@type\":\"ImageObject\",\"inLanguage\":\"en-US\",\"@id\":\"https:\/\/hrustanovic.rs\/#\/schema\/logo\/image\/\",\"url\":\"https:\/\/hrustanovic.rs\/wp-content\/uploads\/2021\/01\/cropped-goran-hrustanovic-LATINICA-1.jpg\",\"contentUrl\":\"https:\/\/hrustanovic.rs\/wp-content\/uploads\/2021\/01\/cropped-goran-hrustanovic-LATINICA-1.jpg\",\"width\":512,\"height\":512,\"caption\":\"Advokatska Kancelarija Hrustanovi\u0107\"},\"image\":{\"@id\":\"https:\/\/hrustanovic.rs\/#\/schema\/logo\/image\/\"}}]}<\/script>\n<!-- \/ Yoast SEO plugin. -->","yoast_head_json":{"title":"O nama | Advokatska Kancelarija Hrustanovi\u0107","robots":{"index":"index","follow":"follow","max-snippet":"max-snippet:-1","max-image-preview":"max-image-preview:large","max-video-preview":"max-video-preview:-1"},"canonical":"https:\/\/hrustanovic.rs\/index.php\/o-nama\/","og_locale":"en_US","og_type":"article","og_title":"O nama | Advokatska Kancelarija Hrustanovi\u0107","og_description":"Advokatska kancelarija Hrustanovi\u0107 O nama Advokatska kancelarija Hrustanovi\u0107 O nama Odnos me\u0111usobnog poverenja, klju\u010d je dugoro\u010dne saradnje koju na\u0161a kancelarija gradi sa svojim klijentima. Na\u0161 cilj je da prava na\u0161ih klijenata budu ostvarena i za\u0161ti\u0107ena na najefikasniji na\u010din, kao i da na\u0161e iskustvo i poznavanje prava stavimo u slu\u017ebu dobrobiti na\u0161ih klijenta. Prilago\u0111avamo se potrebama, [&hellip;]","og_url":"https:\/\/hrustanovic.rs\/index.php\/o-nama\/","og_site_name":"Advokatska Kancelarija Hrustanovi\u0107","article_modified_time":"2021-02-14T13:21:32+00:00","twitter_card":"summary_large_image","twitter_misc":{"Est. reading time":"1 minute"},"schema":{"@context":"https:\/\/schema.org","@graph":[{"@type":"WebPage","@id":"https:\/\/hrustanovic.rs\/index.php\/o-nama\/","url":"https:\/\/hrustanovic.rs\/index.php\/o-nama\/","name":"O nama | Advokatska Kancelarija Hrustanovi\u0107","isPartOf":{"@id":"https:\/\/hrustanovic.rs\/#website"},"datePublished":"2021-01-20T16:45:08+00:00","dateModified":"2021-02-14T13:21:32+00:00","breadcrumb":{"@id":"https:\/\/hrustanovic.rs\/index.php\/o-nama\/#breadcrumb"},"inLanguage":"en-US","potentialAction":[{"@type":"ReadAction","target":["https:\/\/hrustanovic.rs\/index.php\/o-nama\/"]}]},{"@type":"BreadcrumbList","@id":"https:\/\/hrustanovic.rs\/index.php\/o-nama\/#breadcrumb","itemListElement":[{"@type":"ListItem","position":1,"name":"Home","item":"https:\/\/hrustanovic.rs\/"},{"@type":"ListItem","position":2,"name":"O nama"}]},{"@type":"WebSite","@id":"https:\/\/hrustanovic.rs\/#website","url":"https:\/\/hrustanovic.rs\/","name":"Advokatska Kancelarija Hrustanovi\u0107","description":"","publisher":{"@id":"https:\/\/hrustanovic.rs\/#organization"},"potentialAction":[{"@type":"SearchAction","target":{"@type":"EntryPoint","urlTemplate":"https:\/\/hrustanovic.rs\/?s={search_term_string}"},"query-input":{"@type":"PropertyValueSpecification","valueRequired":true,"valueName":"search_term_string"}}],"inLanguage":"en-US"},{"@type":"Organization","@id":"https:\/\/hrustanovic.rs\/#organization","name":"Advokatska Kancelarija Hrustanovi\u0107","url":"https:\/\/hrustanovic.rs\/","logo":{"@type":"ImageObject","inLanguage":"en-US","@id":"https:\/\/hrustanovic.rs\/#\/schema\/logo\/image\/","url":"https:\/\/hrustanovic.rs\/wp-content\/uploads\/2021\/01\/cropped-goran-hrustanovic-LATINICA-1.jpg","contentUrl":"https:\/\/hrustanovic.rs\/wp-content\/uploads\/2021\/01\/cropped-goran-hrustanovic-LATINICA-1.jpg","width":512,"height":512,"caption":"Advokatska Kancelarija Hrustanovi\u0107"},"image":{"@id":"https:\/\/hrustanovic.rs\/#\/schema\/logo\/image\/"}}]}},"_links":{"self":[{"href":"https:\/\/hrustanovic.rs\/index.php\/wp-json\/wp\/v2\/pages\/10","targetHints":{"allow":["GET"]}}],"collection":[{"href":"https:\/\/hrustanovic.rs\/index.php\/wp-json\/wp\/v2\/pages"}],"about":[{"href":"https:\/\/hrustanovic.rs\/index.php\/wp-json\/wp\/v2\/types\/page"}],"author":[{"embeddable":true,"href":"https:\/\/hrustanovic.rs\/index.php\/wp-json\/wp\/v2\/users\/1"}],"replies":[{"embeddable":true,"href":"https:\/\/hrustanovic.rs\/index.php\/wp-json\/wp\/v2\/comments?post=10"}],"version-history":[{"count":25,"href":"https:\/\/hrustanovic.rs\/index.php\/wp-json\/wp\/v2\/pages\/10\/revisions"}],"predecessor-version":[{"id":353,"href":"https:\/\/hrustanovic.rs\/index.php\/wp-json\/wp\/v2\/pages\/10\/revisions\/353"}],"wp:attachment":[{"href":"https:\/\/hrustanovic.rs\/index.php\/wp-json\/wp\/v2\/media?parent=10"}],"curies":[{"name":"wp","href":"https:\/\/api.w.org\/{rel}","templated":true}]}}