{"id":12,"date":"2021-01-20T16:45:23","date_gmt":"2021-01-20T16:45:23","guid":{"rendered":"https:\/\/hrustanovic.rs\/?page_id=12"},"modified":"2021-02-15T09:00:00","modified_gmt":"2021-02-15T09:00:00","slug":"oblasti","status":"publish","type":"page","link":"https:\/\/hrustanovic.rs\/index.php\/oblasti\/","title":{"rendered":"Oblasti"},"content":{"rendered":"\t\t<div data-elementor-type=\"wp-page\" data-elementor-id=\"12\" class=\"elementor elementor-12\" data-elementor-post-type=\"page\">\n\t\t\t\t\t\t<section class=\"elementor-section elementor-top-section elementor-element elementor-element-75c61da elementor-section-height-min-height elementor-section-boxed elementor-section-height-default elementor-section-items-middle\" data-id=\"75c61da\" data-element_type=\"section\" data-e-type=\"section\" data-settings=\"{&quot;background_background&quot;:&quot;classic&quot;}\">\n\t\t\t\t\t\t\t<div class=\"elementor-background-overlay\"><\/div>\n\t\t\t\t\t\t\t<div class=\"elementor-container elementor-column-gap-default\">\n\t\t\t\t\t<div class=\"elementor-column elementor-col-100 elementor-top-column elementor-element elementor-element-e794155\" data-id=\"e794155\" data-element_type=\"column\" data-e-type=\"column\">\n\t\t\t<div class=\"elementor-widget-wrap elementor-element-populated\">\n\t\t\t\t\t\t<div class=\"elementor-element elementor-element-6d558bf elementor-invisible elementor-widget elementor-widget-heading\" data-id=\"6d558bf\" data-element_type=\"widget\" data-e-type=\"widget\" data-settings=\"{&quot;_animation&quot;:&quot;fadeInLeft&quot;,&quot;_animation_delay&quot;:200}\" data-widget_type=\"heading.default\">\n\t\t\t\t<div class=\"elementor-widget-container\">\n\t\t\t\t\t<p class=\"elementor-heading-title elementor-size-default\">Advokatska kancelarija Hrustanovi\u0107<\/p>\t\t\t\t<\/div>\n\t\t\t\t<\/div>\n\t\t\t\t<div class=\"elementor-element elementor-element-9fd1602 elementor-invisible elementor-widget elementor-widget-heading\" data-id=\"9fd1602\" data-element_type=\"widget\" data-e-type=\"widget\" data-settings=\"{&quot;_animation&quot;:&quot;fadeInUp&quot;,&quot;_animation_delay&quot;:300}\" data-widget_type=\"heading.default\">\n\t\t\t\t<div class=\"elementor-widget-container\">\n\t\t\t\t\t<h1 class=\"elementor-heading-title elementor-size-default\">Oblasti<\/h1>\t\t\t\t<\/div>\n\t\t\t\t<\/div>\n\t\t\t\t\t<\/div>\n\t\t<\/div>\n\t\t\t\t\t<\/div>\n\t\t<\/section>\n\t\t\t\t<section class=\"elementor-section elementor-top-section elementor-element elementor-element-53fd7d4 elementor-section-boxed elementor-section-height-default elementor-section-height-default\" data-id=\"53fd7d4\" data-element_type=\"section\" data-e-type=\"section\">\n\t\t\t\t\t\t<div class=\"elementor-container elementor-column-gap-default\">\n\t\t\t\t\t<div class=\"elementor-column elementor-col-100 elementor-top-column elementor-element elementor-element-95874d5\" data-id=\"95874d5\" data-element_type=\"column\" data-e-type=\"column\">\n\t\t\t<div class=\"elementor-widget-wrap elementor-element-populated\">\n\t\t\t\t\t\t<div class=\"elementor-element elementor-element-bbd0f2f elementor-invisible elementor-widget elementor-widget-heading\" data-id=\"bbd0f2f\" data-element_type=\"widget\" data-e-type=\"widget\" data-settings=\"{&quot;_animation&quot;:&quot;fadeInUp&quot;}\" data-widget_type=\"heading.default\">\n\t\t\t\t<div class=\"elementor-widget-container\">\n\t\t\t\t\t<h2 class=\"elementor-heading-title elementor-size-default\">Advokatska kancelarija Hrustanovi\u0107<\/h2>\t\t\t\t<\/div>\n\t\t\t\t<\/div>\n\t\t\t\t<div class=\"elementor-element elementor-element-9ea1f16 elementor-invisible elementor-widget elementor-widget-heading\" data-id=\"9ea1f16\" data-element_type=\"widget\" data-e-type=\"widget\" data-settings=\"{&quot;_animation&quot;:&quot;fadeInUp&quot;,&quot;_animation_delay&quot;:200}\" data-widget_type=\"heading.default\">\n\t\t\t\t<div class=\"elementor-widget-container\">\n\t\t\t\t\t<p class=\"elementor-heading-title elementor-size-default\">Oblasti<\/p>\t\t\t\t<\/div>\n\t\t\t\t<\/div>\n\t\t\t\t<div class=\"elementor-element elementor-element-1d68967 elementor-invisible elementor-widget elementor-widget-text-editor\" data-id=\"1d68967\" data-element_type=\"widget\" data-e-type=\"widget\" data-settings=\"{&quot;_animation&quot;:&quot;fadeInUp&quot;,&quot;_animation_delay&quot;:400}\" data-widget_type=\"text-editor.default\">\n\t\t\t\t<div class=\"elementor-widget-container\">\n\t\t\t\t\t\t\t\t\t<p class=\"western\" lang=\"sr-RS\"><span style=\"font-family: Verdana, serif;\"><span lang=\"sr-Latn-RS\">Na\u0161a kancelarija pru\u017ea klijentima pravne usluge iz razli\u010ditih pravnih oblasti:<\/span><\/span><\/p><p lang=\"sr-RS\">\u00a0<\/p><p class=\"western\" lang=\"sr-RS\"><span style=\"font-family: Verdana, serif;\"><span lang=\"sr-Latn-RS\"><b>GRA\u0110ANSKO (Stvarno i obligaciono pravo)<\/b><\/span><\/span><\/p><p class=\"western\" lang=\"sr-RS\" align=\"justify\"><span style=\"font-family: Verdana, serif;\"><span lang=\"sr-Latn-RS\"><u>Sporovi za za\u0161titu svojine i dr\u017eavine<\/u><\/span><\/span><span style=\"font-family: Verdana, serif;\"><span lang=\"sr-Latn-RS\"> &#8211; usluge u vezi sa sticanjem, prenosom i prestankom prava svojine, stvarnih i li\u010dnih slu\u017ebenosti, zaloge i dr. <\/span><\/span><\/p><p class=\"western\" lang=\"sr-RS\" align=\"justify\"><span style=\"font-family: Verdana, serif;\"><span lang=\"sr-Latn-RS\"><u>Nekretnine i izgradnja<\/u><\/span><\/span><span style=\"font-family: Verdana, serif;\"><span lang=\"sr-Latn-RS\"> \u2013 na\u0161 tim je usko specijalizovan za ovu oblast; Pru\u017eamo sve vrste pravnih usluga i savetovanja u slede\u0107oj materiji: <\/span><\/span><\/p><ul><li><p lang=\"sr-RS\" align=\"justify\"><span style=\"font-family: Verdana, serif;\"><span lang=\"sr-Latn-RS\">promet i izdavanje nekretnina<\/span><\/span><\/p><\/li><li><p lang=\"sr-RS\" align=\"justify\"><span style=\"font-family: Verdana, serif;\"><span lang=\"sr-Latn-RS\">priprema lokacija za gradnju (re\u0161avanje eventualnih imovinsko-pravnih odnosa na lokaciji za izgradnju)<\/span><\/span><\/p><\/li><li><p lang=\"sr-RS\" align=\"justify\"><span style=\"font-family: Verdana, serif;\"><span lang=\"sr-Latn-RS\">upoznavanje klijenata sa procedurama neophodnim za izgradnju objekata, pribavljanje svih vrsta dokumentacije (gra\u0111evinskih dozvola, lokacijskih uslova, upotrebnih dozvola i dr.) <\/span><\/span><\/p><\/li><li><p lang=\"sr-RS\" align=\"justify\"><span style=\"font-family: Verdana, serif;\"><span lang=\"sr-Latn-RS\">Postupci pred nadle\u017enim slu\u017ebama (upisi prava, slu\u017ebenosti i drugih zabele\u017ebi u katastar nepokretnosti)<\/span><\/span><\/p><\/li><\/ul><p lang=\"sr-RS\" align=\"justify\"><span style=\"font-family: Verdana, serif;\"><span lang=\"sr-Latn-RS\"><u>Oblast ugovornih (obligacionih) odnosa<\/u><\/span><\/span><span style=\"font-family: Verdana, serif;\"><span lang=\"sr-Latn-RS\"> \u2013 Izrada svih vrsta ugovora i aneksa ugovora, zastupanje u sporovima u vezi sa za\u0161titom i ostvarivanjem ugovornih prava, naknadom materijalne i nematerijalne \u0161tete, i dr.<\/span><\/span><\/p><p lang=\"sr-RS\" align=\"justify\"><span style=\"font-family: Verdana, serif;\"><span lang=\"sr-Latn-RS\"><u>Porodi\u010dno pravo<\/u><\/span><\/span><span style=\"font-family: Verdana, serif;\"><span lang=\"sr-Latn-RS\"> \u2013 pru\u017eamo usluge iz oblasti porodi\u010dnog prava (bra\u010dni sporovi, sporovi za izdr\u017eavanje, ugovori o podeli imovine supru\u017enika, i dr.)<\/span><\/span><\/p><p lang=\"sr-RS\" align=\"justify\"><span style=\"font-family: Verdana, serif;\"><span lang=\"sr-Latn-RS\"><u>Nasledno pravo<\/u><\/span><\/span><span style=\"font-family: Verdana, serif;\"><span lang=\"sr-Latn-RS\"> \u2013 pru\u017eamo usluge iz oblasti naslednog prava<\/span><\/span><\/p><ul><li><p lang=\"sr-RS\" align=\"justify\"><span style=\"font-family: Verdana, serif;\"><span lang=\"sr-Latn-RS\">Pokretanje ostavinskog postupka i zastupanje u istom <\/span><\/span><\/p><\/li><li><p lang=\"sr-RS\" align=\"justify\"><span style=\"font-family: Verdana, serif;\"><span lang=\"sr-Latn-RS\">Izrada zave\u0161tanja (testamenta)<\/span><\/span><\/p><\/li><li><p lang=\"sr-RS\" align=\"justify\"><span style=\"font-family: Verdana, serif;\"><span lang=\"sr-Latn-RS\">Sa\u010dinjavanje ugovora o do\u017eivotnom izdr\u017eavanju<\/span><\/span><\/p><\/li><li><p lang=\"sr-RS\" align=\"justify\"><span style=\"font-family: Verdana, serif;\"><span lang=\"sr-Latn-RS\">Sa\u010dinjavanje ugovora o raspodeli imovine za \u017eivota<\/span><\/span><\/p><\/li><li><p lang=\"sr-RS\" align=\"justify\"><span style=\"font-family: Verdana, serif;\"><span lang=\"sr-Latn-RS\">Sa\u010dinjavanje ugovora o poklonu<\/span><\/span><\/p><\/li><\/ul><p lang=\"sr-RS\" align=\"justify\"><span style=\"font-family: Verdana, serif;\"><span lang=\"sr-Latn-RS\"><b>PRIVREDNO PRAVO<\/b><\/span><\/span><\/p><p lang=\"sr-RS\" align=\"justify\"><span style=\"font-family: Verdana, serif;\"><span lang=\"sr-Latn-RS\">Na\u0161 tim pru\u017ea usluge i iz oblasti privrednog prava, u pogledu osnivanja kompanija, izbora pravne forme, kao i zastupanja u privrednim sporovima. Neke od <\/span><\/span><\/p><ul><li><p lang=\"sr-RS\" align=\"justify\"><span style=\"font-family: Verdana, serif;\"><span lang=\"sr-Latn-RS\">Osnivanje privrednih dru\u0161tava<\/span><\/span><\/p><\/li><li><p lang=\"sr-RS\" align=\"justify\"><span style=\"font-family: Verdana, serif;\"><span lang=\"sr-Latn-RS\">Izrada svih vrsta op\u0161tih i pojedina\u010dnih pravnih akata<\/span><\/span><\/p><\/li><li><p lang=\"sr-RS\" align=\"justify\"><span style=\"font-family: Verdana, serif;\"><span lang=\"sr-Latn-RS\">Izrada svih vrsta ugovora u privredi<\/span><\/span><\/p><\/li><li><p lang=\"sr-RS\" align=\"justify\"><span style=\"font-family: Verdana, serif;\"><span lang=\"sr-Latn-RS\">Savetovanja u vezi sa osnivanjem privrednih dru\u0161tava, izborom pravne forme i sl.<\/span><\/span><\/p><\/li><\/ul><p class=\"western\" lang=\"sr-RS\" align=\"justify\"><span style=\"font-family: Verdana, serif;\"><span lang=\"sr-Latn-RS\"><b>RADNO PRAVO<\/b><\/span><\/span><\/p><p class=\"western\" lang=\"sr-RS\" align=\"justify\"><span style=\"font-family: Verdana, serif;\"><span lang=\"sr-Latn-RS\">Pru\u017eamo pravne usluge i iz oblasti radnog prava \u2013 izrada svih vrsta op\u0161tih i pojedina\u010dnih akata poslodavca, sa\u010dinjavanje svih vrsta ugovora (Ugovori o radu, Ugovori o delu&#8230;), savetovanje u vezi sa ostvarivanjem i za\u0161titom prava.<\/span><\/span><\/p><p class=\"western\" lang=\"sr-RS\" align=\"justify\"><span style=\"font-family: Verdana, serif;\"><span lang=\"sr-Latn-RS\"><b>PRAVO INTELEKTUALNE SVOJINE<\/b><\/span><\/span><\/p><p class=\"western\" lang=\"sr-RS\" align=\"justify\"><span style=\"font-family: Verdana, serif;\"><span lang=\"sr-Latn-RS\">Bavimo se i pru\u017eanjem usluga iz oblasti prava intelektualne svojine, zastupanje u postupcima povodom ostvarivanja i za\u0161tite autorskih i srodnih prava, prava industrijske svojine (patent, \u017eig, industrijski dizajn, oznaka geografskog porekla), kao i izradom svih vrsta ugovora.<\/span><\/span><\/p><p class=\"western\" lang=\"sr-RS\" align=\"justify\"><span style=\"font-family: Verdana, serif;\"><span lang=\"sr-Latn-RS\"><b>RESTITUCIJA<\/b><\/span><\/span><\/p><p class=\"western\" lang=\"sr-RS\" align=\"justify\"><span style=\"font-family: Verdana, serif;\"><span lang=\"sr-Latn-RS\">Jedna od oblasti za koju je na\u0161 tim usko specijalizovan jeste i zastupanje klijenata u postupcima radi vra\u0107anja oduzete imovine i obe\u0161te\u0107enja (restitucije). Imamo dugogodi\u0161nje uspe\u0161no iskustvo u vo\u0111enju predmeta restitucije pred Agencijom za restituciju Republike Srbije, te su uz na\u0161u pravnu pomo\u0107 mnogi na\u0161i klijenti na najefikasniji na\u010din ostvarili svoja prava po ovom osnovu. <\/span><\/span><\/p>\t\t\t\t\t\t\t\t<\/div>\n\t\t\t\t<\/div>\n\t\t\t\t<div class=\"elementor-element elementor-element-81fa960 elementor-align-center elementor-invisible elementor-widget elementor-widget-button\" data-id=\"81fa960\" data-element_type=\"widget\" data-e-type=\"widget\" data-settings=\"{&quot;_animation&quot;:&quot;fadeInUp&quot;,&quot;_animation_delay&quot;:600}\" data-widget_type=\"button.default\">\n\t\t\t\t<div class=\"elementor-widget-container\">\n\t\t\t\t\t\t\t\t\t<div class=\"elementor-button-wrapper\">\n\t\t\t\t\t<a class=\"elementor-button elementor-button-link elementor-size-sm\" href=\"https:\/\/hrustanovic.rs\/index.php\/kontakt\/\">\n\t\t\t\t\t\t<span class=\"elementor-button-content-wrapper\">\n\t\t\t\t\t\t\t\t\t<span class=\"elementor-button-text\">Kontaktirajte nas<\/span>\n\t\t\t\t\t<\/span>\n\t\t\t\t\t<\/a>\n\t\t\t\t<\/div>\n\t\t\t\t\t\t\t\t<\/div>\n\t\t\t\t<\/div>\n\t\t\t\t\t<\/div>\n\t\t<\/div>\n\t\t\t\t\t<\/div>\n\t\t<\/section>\n\t\t\t\t<\/div>\n\t\t","protected":false},"excerpt":{"rendered":"<p>Advokatska kancelarija Hrustanovi\u0107 Oblasti Advokatska kancelarija Hrustanovi\u0107 Oblasti Na\u0161a kancelarija pru\u017ea klijentima pravne usluge iz razli\u010ditih pravnih oblasti: \u00a0 GRA\u0110ANSKO (Stvarno i obligaciono pravo) Sporovi za za\u0161titu svojine i dr\u017eavine &#8211; usluge u vezi sa sticanjem, prenosom i prestankom prava svojine, stvarnih i li\u010dnih slu\u017ebenosti, zaloge i dr. Nekretnine i izgradnja \u2013 na\u0161 tim je [&hellip;]<\/p>\n","protected":false},"author":1,"featured_media":0,"parent":0,"menu_order":0,"comment_status":"closed","ping_status":"closed","template":"","meta":{"footnotes":""},"class_list":["post-12","page","type-page","status-publish","hentry"],"yoast_head":"<!-- This site is optimized with the Yoast SEO plugin v27.2 - https:\/\/yoast.com\/product\/yoast-seo-wordpress\/ -->\n<title>Oblasti | Advokatska Kancelarija Hrustanovi\u0107<\/title>\n<meta name=\"robots\" content=\"index, follow, max-snippet:-1, max-image-preview:large, max-video-preview:-1\" \/>\n<link rel=\"canonical\" href=\"https:\/\/hrustanovic.rs\/index.php\/oblasti\/\" \/>\n<meta property=\"og:locale\" content=\"en_US\" \/>\n<meta property=\"og:type\" content=\"article\" \/>\n<meta property=\"og:title\" content=\"Oblasti | Advokatska Kancelarija Hrustanovi\u0107\" \/>\n<meta property=\"og:description\" content=\"Advokatska kancelarija Hrustanovi\u0107 Oblasti Advokatska kancelarija Hrustanovi\u0107 Oblasti Na\u0161a kancelarija pru\u017ea klijentima pravne usluge iz razli\u010ditih pravnih oblasti: \u00a0 GRA\u0110ANSKO (Stvarno i obligaciono pravo) Sporovi za za\u0161titu svojine i dr\u017eavine &#8211; usluge u vezi sa sticanjem, prenosom i prestankom prava svojine, stvarnih i li\u010dnih slu\u017ebenosti, zaloge i dr. Nekretnine i izgradnja \u2013 na\u0161 tim je [&hellip;]\" \/>\n<meta property=\"og:url\" content=\"https:\/\/hrustanovic.rs\/index.php\/oblasti\/\" \/>\n<meta property=\"og:site_name\" content=\"Advokatska Kancelarija Hrustanovi\u0107\" \/>\n<meta property=\"article:modified_time\" content=\"2021-02-15T09:00:00+00:00\" \/>\n<meta name=\"twitter:card\" content=\"summary_large_image\" \/>\n<meta name=\"twitter:label1\" content=\"Est. reading time\" \/>\n\t<meta name=\"twitter:data1\" content=\"2 minutes\" \/>\n<script type=\"application\/ld+json\" class=\"yoast-schema-graph\">{\"@context\":\"https:\/\/schema.org\",\"@graph\":[{\"@type\":\"WebPage\",\"@id\":\"https:\/\/hrustanovic.rs\/index.php\/oblasti\/\",\"url\":\"https:\/\/hrustanovic.rs\/index.php\/oblasti\/\",\"name\":\"Oblasti | Advokatska Kancelarija Hrustanovi\u0107\",\"isPartOf\":{\"@id\":\"https:\/\/hrustanovic.rs\/#website\"},\"datePublished\":\"2021-01-20T16:45:23+00:00\",\"dateModified\":\"2021-02-15T09:00:00+00:00\",\"breadcrumb\":{\"@id\":\"https:\/\/hrustanovic.rs\/index.php\/oblasti\/#breadcrumb\"},\"inLanguage\":\"en-US\",\"potentialAction\":[{\"@type\":\"ReadAction\",\"target\":[\"https:\/\/hrustanovic.rs\/index.php\/oblasti\/\"]}]},{\"@type\":\"BreadcrumbList\",\"@id\":\"https:\/\/hrustanovic.rs\/index.php\/oblasti\/#breadcrumb\",\"itemListElement\":[{\"@type\":\"ListItem\",\"position\":1,\"name\":\"Home\",\"item\":\"https:\/\/hrustanovic.rs\/\"},{\"@type\":\"ListItem\",\"position\":2,\"name\":\"Oblasti\"}]},{\"@type\":\"WebSite\",\"@id\":\"https:\/\/hrustanovic.rs\/#website\",\"url\":\"https:\/\/hrustanovic.rs\/\",\"name\":\"Advokatska Kancelarija Hrustanovi\u0107\",\"description\":\"\",\"publisher\":{\"@id\":\"https:\/\/hrustanovic.rs\/#organization\"},\"potentialAction\":[{\"@type\":\"SearchAction\",\"target\":{\"@type\":\"EntryPoint\",\"urlTemplate\":\"https:\/\/hrustanovic.rs\/?s={search_term_string}\"},\"query-input\":{\"@type\":\"PropertyValueSpecification\",\"valueRequired\":true,\"valueName\":\"search_term_string\"}}],\"inLanguage\":\"en-US\"},{\"@type\":\"Organization\",\"@id\":\"https:\/\/hrustanovic.rs\/#organization\",\"name\":\"Advokatska Kancelarija Hrustanovi\u0107\",\"url\":\"https:\/\/hrustanovic.rs\/\",\"logo\":{\"@type\":\"ImageObject\",\"inLanguage\":\"en-US\",\"@id\":\"https:\/\/hrustanovic.rs\/#\/schema\/logo\/image\/\",\"url\":\"https:\/\/hrustanovic.rs\/wp-content\/uploads\/2021\/01\/cropped-goran-hrustanovic-LATINICA-1.jpg\",\"contentUrl\":\"https:\/\/hrustanovic.rs\/wp-content\/uploads\/2021\/01\/cropped-goran-hrustanovic-LATINICA-1.jpg\",\"width\":512,\"height\":512,\"caption\":\"Advokatska Kancelarija Hrustanovi\u0107\"},\"image\":{\"@id\":\"https:\/\/hrustanovic.rs\/#\/schema\/logo\/image\/\"}}]}<\/script>\n<!-- \/ Yoast SEO plugin. -->","yoast_head_json":{"title":"Oblasti | Advokatska Kancelarija Hrustanovi\u0107","robots":{"index":"index","follow":"follow","max-snippet":"max-snippet:-1","max-image-preview":"max-image-preview:large","max-video-preview":"max-video-preview:-1"},"canonical":"https:\/\/hrustanovic.rs\/index.php\/oblasti\/","og_locale":"en_US","og_type":"article","og_title":"Oblasti | Advokatska Kancelarija Hrustanovi\u0107","og_description":"Advokatska kancelarija Hrustanovi\u0107 Oblasti Advokatska kancelarija Hrustanovi\u0107 Oblasti Na\u0161a kancelarija pru\u017ea klijentima pravne usluge iz razli\u010ditih pravnih oblasti: \u00a0 GRA\u0110ANSKO (Stvarno i obligaciono pravo) Sporovi za za\u0161titu svojine i dr\u017eavine &#8211; usluge u vezi sa sticanjem, prenosom i prestankom prava svojine, stvarnih i li\u010dnih slu\u017ebenosti, zaloge i dr. Nekretnine i izgradnja \u2013 na\u0161 tim je [&hellip;]","og_url":"https:\/\/hrustanovic.rs\/index.php\/oblasti\/","og_site_name":"Advokatska Kancelarija Hrustanovi\u0107","article_modified_time":"2021-02-15T09:00:00+00:00","twitter_card":"summary_large_image","twitter_misc":{"Est. reading time":"2 minutes"},"schema":{"@context":"https:\/\/schema.org","@graph":[{"@type":"WebPage","@id":"https:\/\/hrustanovic.rs\/index.php\/oblasti\/","url":"https:\/\/hrustanovic.rs\/index.php\/oblasti\/","name":"Oblasti | Advokatska Kancelarija Hrustanovi\u0107","isPartOf":{"@id":"https:\/\/hrustanovic.rs\/#website"},"datePublished":"2021-01-20T16:45:23+00:00","dateModified":"2021-02-15T09:00:00+00:00","breadcrumb":{"@id":"https:\/\/hrustanovic.rs\/index.php\/oblasti\/#breadcrumb"},"inLanguage":"en-US","potentialAction":[{"@type":"ReadAction","target":["https:\/\/hrustanovic.rs\/index.php\/oblasti\/"]}]},{"@type":"BreadcrumbList","@id":"https:\/\/hrustanovic.rs\/index.php\/oblasti\/#breadcrumb","itemListElement":[{"@type":"ListItem","position":1,"name":"Home","item":"https:\/\/hrustanovic.rs\/"},{"@type":"ListItem","position":2,"name":"Oblasti"}]},{"@type":"WebSite","@id":"https:\/\/hrustanovic.rs\/#website","url":"https:\/\/hrustanovic.rs\/","name":"Advokatska Kancelarija Hrustanovi\u0107","description":"","publisher":{"@id":"https:\/\/hrustanovic.rs\/#organization"},"potentialAction":[{"@type":"SearchAction","target":{"@type":"EntryPoint","urlTemplate":"https:\/\/hrustanovic.rs\/?s={search_term_string}"},"query-input":{"@type":"PropertyValueSpecification","valueRequired":true,"valueName":"search_term_string"}}],"inLanguage":"en-US"},{"@type":"Organization","@id":"https:\/\/hrustanovic.rs\/#organization","name":"Advokatska Kancelarija Hrustanovi\u0107","url":"https:\/\/hrustanovic.rs\/","logo":{"@type":"ImageObject","inLanguage":"en-US","@id":"https:\/\/hrustanovic.rs\/#\/schema\/logo\/image\/","url":"https:\/\/hrustanovic.rs\/wp-content\/uploads\/2021\/01\/cropped-goran-hrustanovic-LATINICA-1.jpg","contentUrl":"https:\/\/hrustanovic.rs\/wp-content\/uploads\/2021\/01\/cropped-goran-hrustanovic-LATINICA-1.jpg","width":512,"height":512,"caption":"Advokatska Kancelarija Hrustanovi\u0107"},"image":{"@id":"https:\/\/hrustanovic.rs\/#\/schema\/logo\/image\/"}}]}},"_links":{"self":[{"href":"https:\/\/hrustanovic.rs\/index.php\/wp-json\/wp\/v2\/pages\/12","targetHints":{"allow":["GET"]}}],"collection":[{"href":"https:\/\/hrustanovic.rs\/index.php\/wp-json\/wp\/v2\/pages"}],"about":[{"href":"https:\/\/hrustanovic.rs\/index.php\/wp-json\/wp\/v2\/types\/page"}],"author":[{"embeddable":true,"href":"https:\/\/hrustanovic.rs\/index.php\/wp-json\/wp\/v2\/users\/1"}],"replies":[{"embeddable":true,"href":"https:\/\/hrustanovic.rs\/index.php\/wp-json\/wp\/v2\/comments?post=12"}],"version-history":[{"count":20,"href":"https:\/\/hrustanovic.rs\/index.php\/wp-json\/wp\/v2\/pages\/12\/revisions"}],"predecessor-version":[{"id":406,"href":"https:\/\/hrustanovic.rs\/index.php\/wp-json\/wp\/v2\/pages\/12\/revisions\/406"}],"wp:attachment":[{"href":"https:\/\/hrustanovic.rs\/index.php\/wp-json\/wp\/v2\/media?parent=12"}],"curies":[{"name":"wp","href":"https:\/\/api.w.org\/{rel}","templated":true}]}}